{"id":14,"date":"2013-10-28T08:53:41","date_gmt":"2013-10-28T06:53:41","guid":{"rendered":"http:\/\/amelang.info\/cms\/?page_id=14"},"modified":"2013-11-18T09:12:40","modified_gmt":"2013-11-18T07:12:40","slug":"hauptseite","status":"publish","type":"page","link":"https:\/\/maximum-it.de\/cms\/","title":{"rendered":""},"content":{"rendered":"<p>Maximum.it &#8211; Ihr IT-Partner im Rhein\/Main Gebiet<br \/>\nWir sind ihr kompetenter Partner f\u00fcr Beratung, Entwicklung, Betrieb und Betreuung Ihrer IT-Systemlandschaft.<\/p>\n<p>Wenn Sie unser Unternehmen noch gar nicht kennen und erst im Internet von uns erfahren haben: Wir w\u00fcrden uns freuen von Ihnen zu h\u00f6ren!<br \/>\nBitte lassen Sie uns Ihre W\u00fcnsche und Fragen wissen, gerne beraten wir Sie ausf\u00fchrlich.<\/p>\n","protected":false},"excerpt":{"rendered":"<p>Maximum.it &#8211; Ihr IT-Partner im Rhein\/Main Gebiet Wir sind ihr kompetenter Partner f\u00fcr Beratung, Entwicklung, Betrieb und Betreuung Ihrer IT-Systemlandschaft. Wenn Sie unser Unternehmen noch gar nicht kennen und erst im Internet von uns erfahren haben: Wir w\u00fcrden uns freuen von Ihnen zu h\u00f6ren! Bitte lassen Sie uns Ihre W\u00fcnsche und Fragen wissen, gerne beraten [&hellip;]<\/p>\n","protected":false},"author":1,"featured_media":0,"parent":0,"menu_order":0,"comment_status":"closed","ping_status":"closed","template":"","meta":{"footnotes":""},"class_list":["post-14","page","type-page","status-publish","hentry"],"_links":{"self":[{"href":"https:\/\/maximum-it.de\/cms\/wp-json\/wp\/v2\/pages\/14","targetHints":{"allow":["GET"]}}],"collection":[{"href":"https:\/\/maximum-it.de\/cms\/wp-json\/wp\/v2\/pages"}],"about":[{"href":"https:\/\/maximum-it.de\/cms\/wp-json\/wp\/v2\/types\/page"}],"author":[{"embeddable":true,"href":"https:\/\/maximum-it.de\/cms\/wp-json\/wp\/v2\/users\/1"}],"replies":[{"embeddable":true,"href":"https:\/\/maximum-it.de\/cms\/wp-json\/wp\/v2\/comments?post=14"}],"version-history":[{"count":2,"href":"https:\/\/maximum-it.de\/cms\/wp-json\/wp\/v2\/pages\/14\/revisions"}],"predecessor-version":[{"id":102,"href":"https:\/\/maximum-it.de\/cms\/wp-json\/wp\/v2\/pages\/14\/revisions\/102"}],"wp:attachment":[{"href":"https:\/\/maximum-it.de\/cms\/wp-json\/wp\/v2\/media?parent=14"}],"curies":[{"name":"wp","href":"https:\/\/api.w.org\/{rel}","templated":true}]}}