{"id":30,"date":"2013-10-28T09:19:48","date_gmt":"2013-10-28T07:19:48","guid":{"rendered":"http:\/\/amelang.info\/cms\/?page_id=30"},"modified":"2016-06-02T22:16:33","modified_gmt":"2016-06-02T20:16:33","slug":"servicedienstleistungen","status":"publish","type":"page","link":"https:\/\/maximum-it.de\/cms\/preisliste\/servicedienstleistungen\/","title":{"rendered":"Servicedienstleistungen"},"content":{"rendered":"<p><strong>alle Preise zzgl. 19% MwSt.<\/strong><br \/>\nF\u00fcr gemeinn\u00fctzige Vereine, Gemeinden im Umfeld der EKHN und \u00f6ffentliche Einrichtungen werden Sonderkonditionen gew\u00e4hrt. (Ausgenommen davon sind Preise f\u00fcr die Anfahrt).<\/p>\n<table border=\"0\" align=\"left\">\n<tbody>\n<tr>\n<td><strong>Vor-Ort-Service Clientseitig:<\/strong><\/td>\n<td>\u20ac 96,00 Std.<\/td>\n<\/tr>\n<tr>\n<td>Wiederherstellung der Funktionsf\u00e4higkeit von PC`s<br \/>\nInstallation des Betriebssystems und Anwendungen<br \/>\nEinrichtung von Standardarbeitspl\u00e4tzen nach Abbild<br \/>\nDatensicherung \/ Datenwiederherstellung von Workstations<br \/>\nWartung<br \/>\nSystemadministration<br \/>\nTroubleshooting von Workstations und Peripherieger\u00e4ten<br \/>\nSystemeinweisungen Wiederherstellung der Funktionsf\u00e4higkeit<br \/>\nvon PC`s<\/td>\n<td><\/td>\n<\/tr>\n<tr>\n<td><\/td>\n<td><\/td>\n<\/tr>\n<tr>\n<td><strong>Vor-Ort-Service Serverseitig, Troubleshooting:<\/strong><\/td>\n<td>\u20ac 96,00 Std.<\/td>\n<\/tr>\n<tr>\n<td>Wiederherstellung der Funktionsf\u00e4higkeit von Servern<br \/>\nInstallation des Betriebssystems und Anwendungen<br \/>\nScriptanpassungen \/ Benutzerrechte setzen<br \/>\nPaketorientierte Applikationsinstallationen<br \/>\nKonfiguration und Troubleshooting des Mailsystems<br \/>\nKonfiguration und Troubleshooting von Proxyservern und Routern<br \/>\nAutomatisierung von Vorg\u00e4ngen<br \/>\nDatensicherung \/ Datenwiederherstellung von Servern<br \/>\nWartung Systemadministration Troubleshooting von Serverfehlern Administratorschulungen<\/td>\n<td><\/td>\n<\/tr>\n<tr>\n<td><\/td>\n<td><\/td>\n<\/tr>\n<tr>\n<td><strong>Telefonsupport je angefangene 15 Min.<\/strong><\/td>\n<td>\u20ac 24,00 Std.<\/td>\n<\/tr>\n<tr>\n<td><\/td>\n<td><\/td>\n<\/tr>\n<tr>\n<td><strong>Fernwartung von Clients: pro angefangene\u00a015 Min.<\/strong><\/td>\n<td>\u20ac 24,00<\/td>\n<\/tr>\n<tr>\n<td><\/td>\n<td><\/td>\n<\/tr>\n<tr>\n<td><strong>Fernwartung von Servern: pro angefangene\u00a015 Min.<\/strong><\/td>\n<td>\u20ac 24,00<\/td>\n<\/tr>\n<tr>\n<td><\/td>\n<td><\/td>\n<\/tr>\n<tr>\n<td><strong>Beratung vor Ort (Gutschrift bei Auftragserteilung)<\/strong><\/td>\n<td>\u20ac 96,00 Std.<\/td>\n<\/tr>\n<tr>\n<td><\/td>\n<td><\/td>\n<\/tr>\n<tr>\n<td><strong>Kostenvoranschlag Hardwarereparatur pauschal<\/strong><\/td>\n<td>\u20ac 50,00<\/td>\n<\/tr>\n<tr>\n<td>(Gutschrift erfolgt bei Reparaturauftrag)<\/td>\n<td><\/td>\n<\/tr>\n<tr>\n<td><\/td>\n<td><\/td>\n<\/tr>\n<tr>\n<td><strong>Treiberupdates: pro angefangene 15 Min.<\/strong><\/td>\n<td>\u20ac 21,50<\/td>\n<\/tr>\n<\/tbody>\n<\/table>\n<p>&nbsp;<\/p>\n","protected":false},"excerpt":{"rendered":"<p>alle Preise zzgl. 19% MwSt. F\u00fcr gemeinn\u00fctzige Vereine, Gemeinden im Umfeld der EKHN und \u00f6ffentliche Einrichtungen werden Sonderkonditionen gew\u00e4hrt. (Ausgenommen davon sind Preise f\u00fcr die Anfahrt). Vor-Ort-Service Clientseitig: \u20ac 96,00 Std. Wiederherstellung der Funktionsf\u00e4higkeit von PC`s Installation des Betriebssystems und Anwendungen Einrichtung von Standardarbeitspl\u00e4tzen nach Abbild Datensicherung \/ Datenwiederherstellung von Workstations Wartung Systemadministration Troubleshooting von [&hellip;]<\/p>\n","protected":false},"author":1,"featured_media":0,"parent":28,"menu_order":0,"comment_status":"closed","ping_status":"closed","template":"","meta":{"footnotes":""},"class_list":["post-30","page","type-page","status-publish","hentry"],"_links":{"self":[{"href":"https:\/\/maximum-it.de\/cms\/wp-json\/wp\/v2\/pages\/30","targetHints":{"allow":["GET"]}}],"collection":[{"href":"https:\/\/maximum-it.de\/cms\/wp-json\/wp\/v2\/pages"}],"about":[{"href":"https:\/\/maximum-it.de\/cms\/wp-json\/wp\/v2\/types\/page"}],"author":[{"embeddable":true,"href":"https:\/\/maximum-it.de\/cms\/wp-json\/wp\/v2\/users\/1"}],"replies":[{"embeddable":true,"href":"https:\/\/maximum-it.de\/cms\/wp-json\/wp\/v2\/comments?post=30"}],"version-history":[{"count":11,"href":"https:\/\/maximum-it.de\/cms\/wp-json\/wp\/v2\/pages\/30\/revisions"}],"predecessor-version":[{"id":117,"href":"https:\/\/maximum-it.de\/cms\/wp-json\/wp\/v2\/pages\/30\/revisions\/117"}],"up":[{"embeddable":true,"href":"https:\/\/maximum-it.de\/cms\/wp-json\/wp\/v2\/pages\/28"}],"wp:attachment":[{"href":"https:\/\/maximum-it.de\/cms\/wp-json\/wp\/v2\/media?parent=30"}],"curies":[{"name":"wp","href":"https:\/\/api.w.org\/{rel}","templated":true}]}}