{"id":46,"date":"2013-11-15T11:24:50","date_gmt":"2013-11-15T09:24:50","guid":{"rendered":"http:\/\/amelang.info\/cms\/?page_id=46"},"modified":"2017-01-09T17:11:44","modified_gmt":"2017-01-09T15:11:44","slug":"impressum","status":"publish","type":"page","link":"https:\/\/maximum-it.de\/cms\/impressum\/","title":{"rendered":"Impressum"},"content":{"rendered":"<p>Gesch\u00e4ftsinhaber :<\/p>\n<p style=\"padding-left: 30px;\">Martin Amelang<br \/>\nHubertusweg 2<br \/>\n63303 Dreieich<br \/>\nTel.: +49 (6103) 83183 &#8211; 73<br \/>\nFax: +49 (6103) 83183 &#8211; 74<br \/>\nE-Mail: <a href=\"mailto:service@maximum-it.de\">service@maximum-it.de<\/a><\/p>\n<p>Inhaltlich Verantwortlicher gem\u00e4\u00df \u00a7 10 Absatz 3 MDStV: Martin Amelang.<\/p>\n<p>Haftungshinweis: Trotz sorgf\u00e4ltiger inhaltlicher Kontrolle \u00fcbernehmen wir keine Haftung f\u00fcr die Inhalte externer Links. F\u00fcr den Inhalt der verlinkten Seiten sind ausschlie\u00dflich deren Betreiber verantwortlich.<\/p>\n","protected":false},"excerpt":{"rendered":"<p>Gesch\u00e4ftsinhaber : Martin Amelang Hubertusweg 2 63303 Dreieich Tel.: +49 (6103) 83183 &#8211; 73 Fax: +49 (6103) 83183 &#8211; 74 E-Mail: service@maximum-it.de Inhaltlich Verantwortlicher gem\u00e4\u00df \u00a7 10 Absatz 3 MDStV: Martin Amelang. Haftungshinweis: Trotz sorgf\u00e4ltiger inhaltlicher Kontrolle \u00fcbernehmen wir keine Haftung f\u00fcr die Inhalte externer Links. F\u00fcr den Inhalt der verlinkten Seiten sind ausschlie\u00dflich deren [&hellip;]<\/p>\n","protected":false},"author":1,"featured_media":0,"parent":0,"menu_order":6,"comment_status":"closed","ping_status":"closed","template":"","meta":{"footnotes":""},"class_list":["post-46","page","type-page","status-publish","hentry"],"_links":{"self":[{"href":"https:\/\/maximum-it.de\/cms\/wp-json\/wp\/v2\/pages\/46","targetHints":{"allow":["GET"]}}],"collection":[{"href":"https:\/\/maximum-it.de\/cms\/wp-json\/wp\/v2\/pages"}],"about":[{"href":"https:\/\/maximum-it.de\/cms\/wp-json\/wp\/v2\/types\/page"}],"author":[{"embeddable":true,"href":"https:\/\/maximum-it.de\/cms\/wp-json\/wp\/v2\/users\/1"}],"replies":[{"embeddable":true,"href":"https:\/\/maximum-it.de\/cms\/wp-json\/wp\/v2\/comments?post=46"}],"version-history":[{"count":6,"href":"https:\/\/maximum-it.de\/cms\/wp-json\/wp\/v2\/pages\/46\/revisions"}],"predecessor-version":[{"id":125,"href":"https:\/\/maximum-it.de\/cms\/wp-json\/wp\/v2\/pages\/46\/revisions\/125"}],"wp:attachment":[{"href":"https:\/\/maximum-it.de\/cms\/wp-json\/wp\/v2\/media?parent=46"}],"curies":[{"name":"wp","href":"https:\/\/api.w.org\/{rel}","templated":true}]}}