{"id":49,"date":"2013-11-15T11:27:06","date_gmt":"2013-11-15T09:27:06","guid":{"rendered":"http:\/\/amelang.info\/cms\/?page_id=49"},"modified":"2018-05-25T16:27:45","modified_gmt":"2018-05-25T14:27:45","slug":"datenschutzerklarung","status":"publish","type":"page","link":"https:\/\/maximum-it.de\/cms\/impressum\/datenschutzerklarung\/","title":{"rendered":"Datenschutzerkl\u00e4rung"},"content":{"rendered":"<h2><\/h2>\n<p>&nbsp;<\/p>\n<p><strong style=\"font-style: inherit;\">1. Name und Anschrift des Verantwortlichen<\/strong><\/p>\n<p>Der Verantwortliche im Sinne der EU-Datenschutzgrundverordnung (DSGVO):<\/p>\n<p>maximum.IT<br \/>\nHubertusweg 2<br \/>\n63303 Dreieich<br \/>\nDeutschland<br \/>\nTel.: +49 6103 83183 73<br \/>\nE-Mail:\u00a0service@maximum-it.de<br \/>\n<strong><br \/>\n2. Datenschutzbeauftragter<\/strong><\/p>\n<p>Nach \u00a7 4f Abs. 1 BDSG sind wir nicht verpflichtet einen Datenschutzbeauftragten zu bestellen.<\/p>\n<p>Falls Sie Probleme haben wenden Sie sich bitte an unseren Datenschutzkoordinator unter:<br \/>\n<strong>service@maximum-it.de<\/strong><\/p>\n<p><strong style=\"font-style: inherit;\">3. Allgemeines zur Datenverarbeitung<\/strong><strong style=\"font-style: inherit;\">\u00a0<\/strong><\/p>\n<p><strong>3.1 Umfang der Verarbeitung personenbezogener Daten<\/strong><\/p>\n<p>Wir verarbeiten personenbezogene Daten unserer Nutzer grunds\u00e4tzlich nur, soweit dies zur Bereitstellung einer funktionsf\u00e4higen Website sowie unserer Inhalte und Leistungen erforderlich ist.<\/p>\n<p><strong style=\"font-style: inherit;\">3.2 Rechtsgrundlage f\u00fcr die Verarbeitung personenbezogener Daten<\/strong><\/p>\n<p>Als Rechtsgrundlage f\u00fcr die Verarbeitungen dient Artikel 6 Absatz 1 DSGVO oder Artikel 28 DSGVO. Im Folgenden wird auf die einzelnen Litteras von Artikel 6 eingegangen:<br \/>\nSoweit wir f\u00fcr Verarbeitungsvorg\u00e4nge personenbezogener Daten eine Einwilligung der betroffenen Person einholen, dient Art. 6 Abs. 1 lit. a EU-Datenschutzgrundverordnung (DSGVO) als Rechtsgrundlage.<br \/>\nBei der Verarbeitung von personenbezogenen Daten, die zur Erf\u00fcllung eines Vertrages, dessen Vertragspartei die betroffene Person ist, erforderlich ist, dient Art. 6 Abs. 1 lit. b DSGVO als Rechtsgrundlage. Dies gilt auch f\u00fcr Verarbeitungsvorg\u00e4nge, die zur Durchf\u00fchrung vorvertraglicher Ma\u00dfnahmen erforderlich sind. Soweit eine Verarbeitung personenbezogener Daten zur Erf\u00fcllung einer rechtlichen Verpflichtung erforderlich ist, der unser Unternehmen unterliegt, dient Art. 6 Abs. 1 lit. c DSGVO als Rechtsgrundlage.<br \/>\nF\u00fcr den Fall, dass lebenswichtige Interessen der betroffenen Person oder einer anderen nat\u00fcrlichen Person eine Verarbeitung personenbezogener Daten erforderlich machen,<br \/>\ndient Art. 6 Abs. 1 lit. d DSGVO als Rechtsgrundlage.<br \/>\nIst die Verarbeitung zur Wahrung eines berechtigten Interesses unseres Unternehmens oder eines Dritten erforderlich und \u00fcberwiegen die Interessen, Grundrechte und Grundfreiheiten des Betroffenen das erstgenannte Interesse nicht, so dient Art. 6 Abs. 1 lit. f DSGVO als Rechtsgrundlage f\u00fcr die Verarbeitung.<\/p>\n<p><strong style=\"font-style: inherit;\">3.3 Datenl\u00f6schung und Speicherdauer<\/strong><\/p>\n<p>Die personenbezogenen Daten der betroffenen Person werden gel\u00f6scht oder gesperrt, sobald der Zweck der Speicherung entf\u00e4llt. Eine Speicherung kann dar\u00fcber hinaus erfolgen, wenn dies durch den europ\u00e4ischen oder nationalen Gesetzgeber in unionsrechtlichen Verordnungen, Gesetzen oder sonstigen Vorschriften, denen der Verantwortliche unterliegt, vorgesehen wurde. Eine Sperrung oder L\u00f6schung der Daten erfolgt auch dann, wenn eine durch die genannten Normen vorgeschriebene Speicherfrist abl\u00e4uft, es sei denn, dass eine Erforderlichkeit zur weiteren Speicherung der Daten f\u00fcr einen Vertragsabschluss oder eine Vertragserf\u00fcllung besteht.<\/p>\n<p><strong style=\"font-style: inherit;\">4.\u00a0 Erhebung und Speicherung personenbezogener Daten, sowie Art und Zweck von deren Verwendung<\/strong><\/p>\n<p>Beim Aufruf der Webseite werden keine Daten an unsere Server gesendet.<br \/>\nWir setzen auf unserer Webseite Cookies ein. Hierbei handelt es sich um kleine Dateien, die Ihr Browser automatisch erstellt und die auf Ihrem Endger\u00e4t (Laptop, Tablet, Smartphone o.\u00e4.) gespeichert werden, wenn Sie unsere Seite besuchen. Cookies richten auf Ihrem Endger\u00e4t keinen Schaden an, enthalten keine Viren, Trojaner oder sonstige Schadsoftware. In dem Cookie werden Informationen abgelegt, die sich jeweils im Zusammenhang mit dem spezifisch eingesetzten Endger\u00e4t ergeben. Dies bedeutet jedoch nicht, dass wir dadurch unmittelbar Kenntnis von Ihrer Identit\u00e4t erhalten. Der Einsatz von Cookies dient einerseits dazu, die Nutzung unseres Angebots f\u00fcr Sie angenehmer zu gestalten. So setzen wir sogenannte Session-Cookies ein, um zu erkennen, dass Sie einzelne Seiten unserer Website bereits besucht haben und welche Sprache Sie auf der Webseite bevorzugen. Insofern Cookies, die durch unsere Webseite auf Ihren Endger\u00e4ten erstellt wurden, nicht durch Sie gel\u00f6scht werden, so wird beim erneuten Aufruf unserer Webseite automatisch die zuletzt verwendete Sprache verwendet.<\/p>\n<p><strong style=\"font-style: inherit;\">5. Weitergabe von Daten<\/strong><\/p>\n<p>Da beim Aufruf der Webseite keine Daten erfasst werden, ist eine Weitergabe der Daten an Dritte ausgeschlossen.<br \/>\nPers\u00f6nliche Daten, die durch Kontaktaufnahme via der auf der Webseite ver\u00f6ffentlichen E-Mail-Adresse, in Ihrer E-Mail an uns gesendet werden, verbleiben grunds\u00e4tzlich bei unserem Unternehmen. Wir geben Ihre pers\u00f6nlichen Daten nur dann an Dritte weiter, wenn:<\/p>\n<ul>\n<li>die Weitergabe nach Art. 6 Abs. 1 S. 1 lit. f DSGVO zur Geltendmachung, Aus\u00fcbung oder Verteidigung von Rechtsanspr\u00fcchen erforderlich ist und kein Grund zur Annahme besteht, dass Sie ein \u00fcberwiegendes schutzw\u00fcrdiges Interesse an der Nichtweitergabe Ihrer Daten haben,<\/li>\n<li>f\u00fcr den Fall, dass f\u00fcr die Weitergabe nach Art. 6 Abs. 1 S. 1lit. c DSGVO eine gesetzliche Verpflichtung besteht, sowie<\/li>\n<li>dies gesetzlich zul\u00e4ssig und nach Art. 6 Abs. 1 S. 1 lit. b DSGVO f\u00fcr die Abwicklung von Vertragsverh\u00e4ltnissen mit Ihnen erforderlich ist<\/li>\n<\/ul>\n<p><strong style=\"font-style: inherit;\">\u00a0<\/strong><\/p>\n<p><strong>6. Betroffenenrechte<\/strong><\/p>\n<p>Sie haben das Recht:<\/p>\n<ul>\n<li>gem\u00e4\u00df Art. 15 DSGVO Auskunft \u00fcber Ihre von uns verarbeiteten personenbezogenen Daten zu verlangen. Insbesondere k\u00f6nnen Sie Auskunft \u00fcber die Verarbeitungszwecke, die Kategorie der personenbezogenen Daten, die Kategorien von Empf\u00e4ngern, gegen\u00fcber denen Ihre Daten offengelegt wurden oder werden, die geplante Speicherdauer, das Bestehen eines Rechts auf Berichtigung, L\u00f6schung, Einschr\u00e4nkung der Verarbeitung oder Widerspruch, das Bestehen eines Beschwerderechts, die Herkunft ihrer Daten, sofern diese nicht bei uns erhoben wurden, sowie \u00fcber das Bestehen einer automatisierten Entscheidungsfindung einschlie\u00dflich Profiling und ggf. aussagekr\u00e4ftigen Informationen zu deren Einzelheiten verlangen;<\/li>\n<li>gem\u00e4\u00df Art. 16 DSGVO unverz\u00fcglich die Berichtigung unrichtiger oder Vervollst\u00e4ndigung Ihrer bei uns gespeicherten personenbezogenen Daten zu verlangen;<\/li>\n<li>gem\u00e4\u00df Art. 17 DSGVO die L\u00f6schung Ihrer bei uns gespeicherten personenbezogenen Daten zu verlangen, soweit nicht die Verarbeitung zur Aus\u00fcbung des Rechts auf freie Meinungs\u00e4u\u00dferung und Information, zur Erf\u00fcllung einer rechtlichen Verpflichtung, aus Gr\u00fcnden des \u00f6ffentlichen Interesses oder zur Geltendmachung, Aus\u00fcbung oder Verteidigung von Rechtsanspr\u00fcchen erforderlich ist;<\/li>\n<li>gem\u00e4\u00df Art. 18 DSGVO die Einschr\u00e4nkung der Verarbeitung Ihrer personenbezogenen Daten zu verlangen, soweit die Richtigkeit der Daten von Ihnen bestritten wird, die Verarbeitung unrechtm\u00e4\u00dfig ist, Sie aber deren L\u00f6schung ablehnen und wir die Daten nicht mehr ben\u00f6tigen, Sie jedoch diese zur Geltendmachung, Aus\u00fcbung oder Verteidigung von Rechtsanspr\u00fcchen ben\u00f6tigen oder Sie gem\u00e4\u00df Art. 21 DSGVO Widerspruch gegen die Verarbeitung eingelegt haben;<\/li>\n<li>gem\u00e4\u00df Art. 20 DSGVO Ihre personenbezogenen Daten, die Sie uns bereitgestellt haben, in einem strukturierten, g\u00e4ngigen und maschinenlesebaren Format zu erhalten oder die \u00dcbermittlung an einen anderen Verantwortlichen zu verlangen;<\/li>\n<li>gem\u00e4\u00df Art. 7 Abs. 3 DSGVO Ihre einmal erteilte Einwilligung jederzeit gegen\u00fcber uns zu widerrufen. Dies hat zur Folge, dass wir die Datenverarbeitung, die auf dieser Einwilligung beruhte, f\u00fcr die Zukunft nicht mehr fortf\u00fchren d\u00fcrfen und<\/li>\n<li>gem\u00e4\u00df Art. 77 DSGVO sich bei einer Aufsichtsbeh\u00f6rde zu beschweren. In der Regel k\u00f6nnen Sie sich hierf\u00fcr an die Aufsichtsbeh\u00f6rde Ihres \u00fcblichen Aufenthaltsortes oder Arbeitsplatzes wenden.<\/li>\n<\/ul>\n<p><strong style=\"font-style: inherit;\">\u00a07.\u00a0<\/strong><strong>Widerspruchsrecht<\/strong><\/p>\n<p>Sofern Ihre personenbezogenen Daten auf Grundlage von berechtigten Interessen gem\u00e4\u00df Art. 6 Abs. 1 S. 1 lit. f DSGVO verarbeitet werden, haben Sie das Recht, gem\u00e4\u00df Art. 21 DSGVO Widerspruch gegen die Verarbeitung Ihrer personenbezogenen Daten einzulegen, soweit daf\u00fcr Gr\u00fcnde vorliegen, die sich aus Ihrer besonderen Situation ergeben oder sich der Widerspruch gegen Direktwerbung richtet. Im letzteren Fall haben Sie ein generelles Widerspruchsrecht, das ohne Angabe einer besonderen Situation von uns umgesetzt wird. M\u00f6chten Sie von Ihrem Widerrufs- oder Widerspruchsrecht Gebrauch machen, gen\u00fcgt eine E-Mail.<\/p>\n<p><strong style=\"font-style: inherit;\">\u00a08.\u00a0<\/strong><strong>Datensicherheit<\/strong><\/p>\n<p>Um Ihre Daten gegen zuf\u00e4llige oder vors\u00e4tzliche Manipulationen, teilweisen oder vollst\u00e4ndigen Verlust, Zerst\u00f6rung oder gegen den unbefugten Zugriff Dritter zu sch\u00fctzen, werden geeignete technische und organisatorische Sicherheitsma\u00df definiert, umgesetzt und regelm\u00e4\u00dfig gepr\u00fcft. Unsere Sicherheitsma\u00dfnahmen werden entsprechend der technologischen Entwicklung fortlaufend verbessert.<\/p>\n<p><strong style=\"font-style: inherit;\">\u00a09.\u00a0<\/strong><strong>Aktualit\u00e4t und \u00c4nderung dieser Datenschutzerkl\u00e4rung<\/strong><\/p>\n<p>Diese Datenschutzerkl\u00e4rung ist aktuell g\u00fcltig und hat den Stand Mai 2018.<br \/>\nDurch die Weiterentwicklung unserer Website und Angebote dar\u00fcber oder aufgrund ge\u00e4nderter gesetzlicher beziehungsweise beh\u00f6rdlicher Vorgaben kann es notwendig werden, diese Datenschutzerkl\u00e4rung zu \u00e4ndern.<br \/>\nDie jeweils aktuelle Datenschutzerkl\u00e4rung kann jederzeit auf der Website unter:<br \/>\nhttps:\/\/maximum-it.de\/cms\/impressum\/datenschutzerklarung\/\u00a0 von Ihnen abgerufen werden.<\/p>\n","protected":false},"excerpt":{"rendered":"<p>&nbsp; 1. Name und Anschrift des Verantwortlichen Der Verantwortliche im Sinne der EU-Datenschutzgrundverordnung (DSGVO): maximum.IT Hubertusweg 2 63303 Dreieich Deutschland Tel.: +49 6103 83183 73 E-Mail:\u00a0service@maximum-it.de 2. Datenschutzbeauftragter Nach \u00a7 4f Abs. 1 BDSG sind wir nicht verpflichtet einen Datenschutzbeauftragten zu bestellen. Falls Sie Probleme haben wenden Sie sich bitte an unseren Datenschutzkoordinator unter: service@maximum-it.de [&hellip;]<\/p>\n","protected":false},"author":1,"featured_media":0,"parent":46,"menu_order":0,"comment_status":"closed","ping_status":"closed","template":"","meta":{"footnotes":""},"class_list":["post-49","page","type-page","status-publish","hentry"],"_links":{"self":[{"href":"https:\/\/maximum-it.de\/cms\/wp-json\/wp\/v2\/pages\/49","targetHints":{"allow":["GET"]}}],"collection":[{"href":"https:\/\/maximum-it.de\/cms\/wp-json\/wp\/v2\/pages"}],"about":[{"href":"https:\/\/maximum-it.de\/cms\/wp-json\/wp\/v2\/types\/page"}],"author":[{"embeddable":true,"href":"https:\/\/maximum-it.de\/cms\/wp-json\/wp\/v2\/users\/1"}],"replies":[{"embeddable":true,"href":"https:\/\/maximum-it.de\/cms\/wp-json\/wp\/v2\/comments?post=49"}],"version-history":[{"count":16,"href":"https:\/\/maximum-it.de\/cms\/wp-json\/wp\/v2\/pages\/49\/revisions"}],"predecessor-version":[{"id":142,"href":"https:\/\/maximum-it.de\/cms\/wp-json\/wp\/v2\/pages\/49\/revisions\/142"}],"up":[{"embeddable":true,"href":"https:\/\/maximum-it.de\/cms\/wp-json\/wp\/v2\/pages\/46"}],"wp:attachment":[{"href":"https:\/\/maximum-it.de\/cms\/wp-json\/wp\/v2\/media?parent=49"}],"curies":[{"name":"wp","href":"https:\/\/api.w.org\/{rel}","templated":true}]}}