{"id":99,"date":"2013-11-16T06:27:43","date_gmt":"2013-11-16T04:27:43","guid":{"rendered":"http:\/\/amelang.info\/cms\/?page_id=99"},"modified":"2016-11-18T10:05:30","modified_gmt":"2016-11-18T08:05:30","slug":"fernwartung","status":"publish","type":"page","link":"https:\/\/maximum-it.de\/cms\/fernwartung\/","title":{"rendered":"Fernwartung"},"content":{"rendered":"<h3>Remote Support Tool<\/h3>\n<div id=\"node-13\">\n<p>\u00dcber unser Remote-Support Tool k\u00f6nnen Sie Ihren Desktop mit uns teilen.<\/p>\n<p>Sie geben uns damit die M\u00f6glichkeit\u00a0<strong>mit Ihnen gemeinsam<\/strong>, \u00fcber das Medium Internet, Ihre Anwendung zu bearbeiten, Software zu installieren und\/oder Fehler zu beheben.<\/p>\n<p>Bitte kontaktieren Sie uns zuvor \u00fcber unsere\u00a0<a title=\"Impressum\" href=\"\/cms\/impressum\/\">Servicenummer<\/a>\u00a0.<\/p>\n<p><a href=\"https:\/\/get.teamviewer.com\/maximum-it\"><img loading=\"lazy\" decoding=\"async\" class=\"alignnone\" src=\"https:\/\/maximum-it.de\/cms\/images\/quicksupport.jpg\" alt=\"Quick Support\" width=\"235\" height=\"301\" \/><\/a>\u00a0<a href=\"https:\/\/get.teamviewer.com\/maximum-it\"><img loading=\"lazy\" decoding=\"async\" class=\"alignnone\" src=\"https:\/\/maximum-it.de\/cms\/images\/windows.gif\" alt=\" \" width=\"145\" height=\"71\" border=\"0\" \/><\/a>\u00a0\u00a0\u00a0<a href=\"https:\/\/get.teamviewer.com\/maximum-it\"><img loading=\"lazy\" decoding=\"async\" class=\"alignnone\" src=\"https:\/\/maximum-it.de\/cms\/images\/mac.gif\" alt=\" \" width=\"145\" height=\"71\" border=\"0\" \/><\/a><\/p>\n<p>Dieses Tool wird nicht installiert und wenn Sie es anschliessend l\u00f6schen, bleiben keinerlei Programmr\u00fcckst\u00e4nde<br \/>\nauf Ihrem PC.<\/p>\n<p>Sie k\u00f6nnen jederzeit die Verbindung schliessen, indem Sie das Programm beenden.<\/p>\n<\/div>\n","protected":false},"excerpt":{"rendered":"<p>Remote Support Tool \u00dcber unser Remote-Support Tool k\u00f6nnen Sie Ihren Desktop mit uns teilen. Sie geben uns damit die M\u00f6glichkeit\u00a0mit Ihnen gemeinsam, \u00fcber das Medium Internet, Ihre Anwendung zu bearbeiten, Software zu installieren und\/oder Fehler zu beheben. Bitte kontaktieren Sie uns zuvor \u00fcber unsere\u00a0Servicenummer\u00a0. \u00a0\u00a0\u00a0\u00a0 Dieses Tool wird nicht installiert und wenn Sie es anschliessend [&hellip;]<\/p>\n","protected":false},"author":1,"featured_media":0,"parent":0,"menu_order":6,"comment_status":"closed","ping_status":"closed","template":"","meta":{"footnotes":""},"class_list":["post-99","page","type-page","status-publish","hentry"],"_links":{"self":[{"href":"https:\/\/maximum-it.de\/cms\/wp-json\/wp\/v2\/pages\/99","targetHints":{"allow":["GET"]}}],"collection":[{"href":"https:\/\/maximum-it.de\/cms\/wp-json\/wp\/v2\/pages"}],"about":[{"href":"https:\/\/maximum-it.de\/cms\/wp-json\/wp\/v2\/types\/page"}],"author":[{"embeddable":true,"href":"https:\/\/maximum-it.de\/cms\/wp-json\/wp\/v2\/users\/1"}],"replies":[{"embeddable":true,"href":"https:\/\/maximum-it.de\/cms\/wp-json\/wp\/v2\/comments?post=99"}],"version-history":[{"count":5,"href":"https:\/\/maximum-it.de\/cms\/wp-json\/wp\/v2\/pages\/99\/revisions"}],"predecessor-version":[{"id":121,"href":"https:\/\/maximum-it.de\/cms\/wp-json\/wp\/v2\/pages\/99\/revisions\/121"}],"wp:attachment":[{"href":"https:\/\/maximum-it.de\/cms\/wp-json\/wp\/v2\/media?parent=99"}],"curies":[{"name":"wp","href":"https:\/\/api.w.org\/{rel}","templated":true}]}}